{"id":767,"date":"2023-03-21T10:12:30","date_gmt":"2023-03-21T10:12:30","guid":{"rendered":"https:\/\/maquinariaparaquesos.com\/politica-de-cookies\/"},"modified":"2023-05-15T18:16:28","modified_gmt":"2023-05-15T18:16:28","slug":"politica-de-cookies","status":"publish","type":"page","link":"https:\/\/maquinariaparaquesos.com\/ca\/politica-de-cookies\/","title":{"rendered":"Pol\u00edtica de cookies"},"content":{"rendered":"\n<p>Les galetes o galetes s\u00f3n petits arxius de text que s&#8217;instal\u00b7len als equips des dels quals s&#8217;accedeix al nostre lloc web. Entre altres finalitats, les galetes registren les prefer\u00e8ncies i els h\u00e0bits de navegaci\u00f3 d&#8217;un usuari. Tot i que s&#8217;associen a aquest usuari i al seu equip, no proporcionen dades directament identificatives. Hi ha cookies, com ara les que permeten elaborar estad\u00edstiques o les publicit\u00e0ries, que requereixen el consentiment de l&#8217;usuari del nostre lloc. En canvi, altres, com les de car\u00e0cter t\u00e8cnic o les necess\u00e0ries per oferir un servei que sol\u00b7liciti el mateix usuari, s\u00f3n imprescindibles per al funcionament del lloc. Les galetes es poden classificar segons la seva vig\u00e8ncia, segons els qui les gestionin o segons la seva finalitat.<\/p>\n\n<p>SEGONS LA VIG\u00c8NCIA<\/p>\n\n<p><em>De sessi\u00f3<\/em> <em>:<\/em> s\u00f3n temporals i romanen a l&#8217;arxiu de cookies del navegador que utilitzeu per entrar al lloc web fins al moment en qu\u00e8 surti del lloc.<\/p>\n\n<p><em>Persistents<\/em> <em>:<\/em> romanen emmagatzemades i el lloc web les llegeix cada vegada que el visita.<\/p>\n\n<p>SEGONS QUI LES GESTIONEN<\/p>\n\n<p><em>Pr\u00f2pies<\/em> <em>:<\/em> s\u00f3n les que pertanyen al titular del lloc web des del qual es presten els serveis a l&#8217;usuari.<\/p>\n\n<p><em>De tercers<\/em> <em>:<\/em> s\u00f3n enviades a l&#8217;usuari per un tercer diferent del titular del lloc.<\/p>\n\n<p>SEGONS LA FINALITAT<\/p>\n\n<p><em>Necess\u00e0ries<\/em> <em>:<\/em> les imprescindibles per facilitar-vos la connexi\u00f3. No existeix lopci\u00f3 de deshabilitar-les, ja que s\u00f3n necess\u00e0ries per al funcionament del lloc web.<\/p>\n\n<p><em>T\u00e8cniques<\/em> <em>:<\/em> les que permeten controlar el tr\u00e0nsit i la comunicaci\u00f3 de dades, identificar la sessi\u00f3 i accedir a p\u00e0gines d&#8217;acc\u00e9s restringit, entre d&#8217;altres.<\/p>\n\n<p><em>De prefer\u00e8ncies<\/em> <em>:<\/em> permeten recordar les vostres opcions (per exemple, el vostre idioma o la regi\u00f3 des de la qual accediu), per proporcionar-vos serveis avan\u00e7ats.<\/p>\n\n<p><em>Anal\u00edtiques<\/em> <em>:<\/em> proporcionen informaci\u00f3 estad\u00edstica i permeten millorar els serveis.<\/p>\n\n<p><em>De publicitat<\/em> <em>:<\/em> per oferir continguts publicitaris relacionats amb els interessos de l&#8217;usuari, ja sigui directament o b\u00e9 per mitj\u00e0 de tercers (\u201cadservers\u201d).<\/p>\n\n<p><em>De geolocalitzaci\u00f3<\/em> <em>:<\/em> per con\u00e8ixer la localitzaci\u00f3 geogr\u00e0fica de l&#8217;usuari.<\/p>\n\n<p>Enumerem les cookies que utilitza el nostre lloc web, donant aix\u00ed opci\u00f3 (\u00faltima columna) que cada usuari autoritzi la seva desc\u00e0rrega.<\/p>\n\n<figure class=\"wp-block-table\"><table><tbody><tr><th>Finalitat<\/th><th>Prove\u00efdor<\/th><th>Nom de la galeta<\/th><th>Gesti\u00f3<\/th><th>Vig\u00e8ncia<\/th><th>Funci\u00f3<\/th><\/tr><tr><td>T\u00e8cniques<\/td><td>Pr\u00f2pia<\/td><td>PHPSESSID<\/td><td>Pr\u00f2pia<\/td><td>1 any<\/td><td>PHPSESSID. Aquesta galeta \u00e9s usada pel llenguatge d&#8217;encriptat PHP per permetre que les variables de SESSI\u00d3 siguin guardades al servidor web.<\/td><\/tr><tr><td>T\u00e8cniques<\/td><td>Pr\u00f2pia<\/td><td>wp-settings-time-1, wp-settings-1<\/td><td>Pr\u00f2pia<\/td><td>1 any<\/td><td>Aquestes cookies s\u00f3n utilitzades per WordPress per personalitzar la interf\u00edcie d&#8217;usuari.<\/td><\/tr><tr><td>T\u00e8cniques<\/td><td>Pr\u00f2pia<\/td><td>wordpress_logged_in_<\/td><td>Pr\u00f2pia<\/td><td>1 any<\/td><td>Despr\u00e9s del loggin, WordPress activa la galeta wordpress_logged_in_, la funci\u00f3 de la qual \u00e9s indicar quan s&#8217;ha connectat i qui \u00e9s, sent utilitzat per la interf\u00edcie de WordPress.<\/td><\/tr><tr><td>T\u00e8cniques<\/td><td>Pr\u00f2pia<\/td><td>wp-wpml_current_language<\/td><td>Pr\u00f2pia<\/td><td>1 any<\/td><td>Permet recordar l&#8217;idioma de l&#8217;usuari<\/td><\/tr><tr><td>T\u00e8cniques<\/td><td>Pr\u00f2pia<\/td><td>concentiment_cookies<\/td><td>Pr\u00f2pia<\/td><td>1 any<\/td><td>Deseu el valor de l&#8217;acceptaci\u00f3 del cartell de cookies<\/td><\/tr><tr><td>T\u00e8cniques<\/td><td>Pr\u00f2pia<\/td><td>dateExpireCookie<\/td><td>Pr\u00f2pia<\/td><td>1 any<\/td><td>Guarda la data d&#8217;expiraci\u00f3 de la galeta del cartell de cookies<\/td><\/tr><tr><td>Anal\u00edtiques<\/td><td>GOOGLE<\/td><td>_ga<\/td><td>Tercers<\/td><td>2 anys<\/td><td>Oferir estad\u00edstiques d\u00fas dels llocs web. Tamb\u00e9 es poden utilitzar juntament amb algunes de les galetes publicit\u00e0ries descrites anteriorment per mostrar anuncis m\u00e9s rellevants a les propietats de Google<\/td><\/tr><tr><td>Anal\u00edtiques<\/td><td>GOOGLE<\/td><td>_gid<\/td><td>Tercers<\/td><td>23 hores<\/td><td>Registra una identificaci\u00f3 \u00fanica que es fa servir per generar dades estad\u00edstiques sobre com el visitant utilitza el lloc web.<\/td><\/tr><tr><td>Anal\u00edtiques<\/td><td>GOOGLE<\/td><td>_gat<\/td><td>Tercers<\/td><td>1 minut<\/td><td>Es fa servir per limitar el percentatge de sol\u00b7licituds. Si s&#8217;ha implementat Google Analytics mitjan\u00e7ant Google Tag Manager, aquesta galeta s&#8217;anomenar\u00e0 _dc_gtm_.<\/td><\/tr><\/tbody><\/table><\/figure>\n<p>PANELL DE CONFIGURACI\u00d3 DE COOKIES<\/p>\n\n<p>Des d&#8217;aquest panell podreu configurar les cookies que el lloc web pot instal\u00b7lar al vostre navegador, excepte les galetes t\u00e8cniques o funcionals que s\u00f3n necess\u00e0ries per a la navegaci\u00f3 i la utilitzaci\u00f3 de les diferents opcions o serveis que s&#8217;ofereixen.<\/p>\n\n<p>Acc\u00e9s al panell<\/p>\n\n<p>Podeu revocar el vostre consentiment sobre la utilitzaci\u00f3 de cookies eliminant-les mitjan\u00e7ant les opcions que us ofereix el vostre navegador. Tamb\u00e9 podeu configurar el vostre navegador perqu\u00e8 us informeu pr\u00e8viament de la possible instal\u00b7laci\u00f3 de cookies. Als seg\u00fcents enlla\u00e7os trobareu informaci\u00f3 sobre com fer-ho.<\/p>\n\n<p>\u2013 Per Firefox ( <a href=\"http:\/\/support.mozilla.org\/ca\/kb\/Galetes\">enlla\u00e7<\/a> )<\/p>\n\n<p>\u2013 Per Chrome ( <a href=\"http:\/\/support.google.com\/chrome\/bin\/answer.py?hl=es&amp;answer=95647\">enlla\u00e7<\/a> )<\/p>\n\n<p>\u2013 Per Explorer ( <a href=\"https:\/\/support.microsoft.com\/es-es\/help\/278835\/how-to-delete-cookie-files-in-internet-explorer\">enlla\u00e7<\/a> )<\/p>\n\n<p>\u2013 Per Edge ( <a href=\"https:\/\/support.microsoft.com\/es-es\/help\/4027947\/windows-delete-cookies\">enlla\u00e7<\/a> )<\/p>\n\n<p>\u2013 Per Safari per IOS ( <a href=\"http:\/\/support.apple.com\/kb\/HT1677?viewlocale=es_ES&amp;locale=es_ES\">enlla\u00e7<\/a> )<\/p>\n\n<p>\u2013 Per Opera ( <a href=\"https:\/\/help.opera.com\/en\/latest\/web-preferences\/#cookies\">enlla\u00e7<\/a> )<\/p>\n","protected":false},"excerpt":{"rendered":"<p>Les galetes o galetes s\u00f3n petits arxius de text que s&#8217;instal\u00b7len als equips des dels quals s&#8217;accedeix al nostre lloc web. Entre altres finalitats, les galetes registren les prefer\u00e8ncies i els h\u00e0bits de navegaci\u00f3 d&#8217;un usuari. Tot i que s&#8217;associen a aquest usuari i al seu equip, no proporcionen dades directament identificatives. Hi ha cookies, [&hellip;]<\/p>\n","protected":false},"author":1,"featured_media":0,"parent":0,"menu_order":0,"comment_status":"closed","ping_status":"closed","template":"","meta":{"site-sidebar-layout":"default","site-content-layout":"","ast-site-content-layout":"default","site-content-style":"default","site-sidebar-style":"default","ast-global-header-display":"","ast-banner-title-visibility":"","ast-main-header-display":"","ast-hfb-above-header-display":"","ast-hfb-below-header-display":"","ast-hfb-mobile-header-display":"","site-post-title":"","ast-breadcrumbs-content":"","ast-featured-img":"","footer-sml-layout":"","ast-disable-related-posts":"","theme-transparent-header-meta":"","adv-header-id-meta":"","stick-header-meta":"","header-above-stick-meta":"","header-main-stick-meta":"","header-below-stick-meta":"","astra-migrate-meta-layouts":"default","ast-page-background-enabled":"default","ast-page-background-meta":{"desktop":{"background-color":"","background-image":"","background-repeat":"repeat","background-position":"center center","background-size":"auto","background-attachment":"scroll","background-type":"","background-media":"","overlay-type":"","overlay-color":"","overlay-opacity":"","overlay-gradient":""},"tablet":{"background-color":"","background-image":"","background-repeat":"repeat","background-position":"center center","background-size":"auto","background-attachment":"scroll","background-type":"","background-media":"","overlay-type":"","overlay-color":"","overlay-opacity":"","overlay-gradient":""},"mobile":{"background-color":"","background-image":"","background-repeat":"repeat","background-position":"center center","background-size":"auto","background-attachment":"scroll","background-type":"","background-media":"","overlay-type":"","overlay-color":"","overlay-opacity":"","overlay-gradient":""}},"ast-content-background-meta":{"desktop":{"background-color":"var(--ast-global-color-5)","background-image":"","background-repeat":"repeat","background-position":"center center","background-size":"auto","background-attachment":"scroll","background-type":"","background-media":"","overlay-type":"","overlay-color":"","overlay-opacity":"","overlay-gradient":""},"tablet":{"background-color":"var(--ast-global-color-5)","background-image":"","background-repeat":"repeat","background-position":"center center","background-size":"auto","background-attachment":"scroll","background-type":"","background-media":"","overlay-type":"","overlay-color":"","overlay-opacity":"","overlay-gradient":""},"mobile":{"background-color":"var(--ast-global-color-5)","background-image":"","background-repeat":"repeat","background-position":"center center","background-size":"auto","background-attachment":"scroll","background-type":"","background-media":"","overlay-type":"","overlay-color":"","overlay-opacity":"","overlay-gradient":""}},"footnotes":""},"class_list":["post-767","page","type-page","status-publish","hentry"],"yoast_head":"<!-- This site is optimized with the Yoast SEO plugin v27.4 - https:\/\/yoast.com\/product\/yoast-seo-wordpress\/ -->\n<title>Pol\u00edtica de cookies  FIBOSA<\/title>\n<meta name=\"robots\" content=\"noindex, nofollow\" \/>\n<meta property=\"og:locale\" content=\"ca_ES\" \/>\n<meta property=\"og:type\" content=\"article\" \/>\n<meta property=\"og:title\" content=\"Pol\u00edtica de cookies  FIBOSA\" \/>\n<meta property=\"og:description\" content=\"Les galetes o galetes s\u00f3n petits arxius de text que s&#8217;instal\u00b7len als equips des dels quals s&#8217;accedeix al nostre lloc web. Entre altres finalitats, les galetes registren les prefer\u00e8ncies i els h\u00e0bits de navegaci\u00f3 d&#8217;un usuari. Tot i que s&#8217;associen a aquest usuari i al seu equip, no proporcionen dades directament identificatives. Hi ha cookies, [&hellip;]\" \/>\n<meta property=\"og:url\" content=\"https:\/\/maquinariaparaquesos.com\/ca\/politica-de-cookies\/\" \/>\n<meta property=\"article:modified_time\" content=\"2023-05-15T18:16:28+00:00\" \/>\n<meta property=\"og:image\" content=\"https:\/\/maquinariaparaquesos.com\/wp-content\/uploads\/2023\/03\/fibosa-portada.png\" \/>\n\t<meta property=\"og:image:width\" content=\"1516\" \/>\n\t<meta property=\"og:image:height\" content=\"1080\" \/>\n\t<meta property=\"og:image:type\" content=\"image\/png\" \/>\n<meta name=\"twitter:card\" content=\"summary_large_image\" \/>\n<meta name=\"twitter:label1\" content=\"Temps estimat de lectura\" \/>\n\t<meta name=\"twitter:data1\" content=\"4 minuts\" \/>\n<script type=\"application\/ld+json\" class=\"yoast-schema-graph\">{\"@context\":\"https:\\\/\\\/schema.org\",\"@graph\":[{\"@type\":\"WebPage\",\"@id\":\"https:\\\/\\\/maquinariaparaquesos.com\\\/ca\\\/politica-de-cookies\\\/\",\"url\":\"https:\\\/\\\/maquinariaparaquesos.com\\\/ca\\\/politica-de-cookies\\\/\",\"name\":\"Pol\u00edtica de cookies FIBOSA\",\"isPartOf\":{\"@id\":\"https:\\\/\\\/maquinariaparaquesos.com\\\/ca\\\/#website\"},\"datePublished\":\"2023-03-21T10:12:30+00:00\",\"dateModified\":\"2023-05-15T18:16:28+00:00\",\"breadcrumb\":{\"@id\":\"https:\\\/\\\/maquinariaparaquesos.com\\\/ca\\\/politica-de-cookies\\\/#breadcrumb\"},\"inLanguage\":\"ca\",\"potentialAction\":[{\"@type\":\"ReadAction\",\"target\":[\"https:\\\/\\\/maquinariaparaquesos.com\\\/ca\\\/politica-de-cookies\\\/\"]}]},{\"@type\":\"BreadcrumbList\",\"@id\":\"https:\\\/\\\/maquinariaparaquesos.com\\\/ca\\\/politica-de-cookies\\\/#breadcrumb\",\"itemListElement\":[{\"@type\":\"ListItem\",\"position\":1,\"name\":\"Portada\",\"item\":\"https:\\\/\\\/maquinariaparaquesos.com\\\/ca\\\/maquinaria-per-la-elaboracio-de-formatges\\\/\"},{\"@type\":\"ListItem\",\"position\":2,\"name\":\"Pol\u00edtica de cookies\"}]},{\"@type\":\"WebSite\",\"@id\":\"https:\\\/\\\/maquinariaparaquesos.com\\\/ca\\\/#website\",\"url\":\"https:\\\/\\\/maquinariaparaquesos.com\\\/ca\\\/\",\"name\":\"Maquinaria para quesos FIBOSA\",\"description\":\"Maquinaria para la elaboraci\u00f3n de quesos\",\"publisher\":{\"@id\":\"https:\\\/\\\/maquinariaparaquesos.com\\\/ca\\\/#organization\"},\"potentialAction\":[{\"@type\":\"SearchAction\",\"target\":{\"@type\":\"EntryPoint\",\"urlTemplate\":\"https:\\\/\\\/maquinariaparaquesos.com\\\/ca\\\/?s={search_term_string}\"},\"query-input\":{\"@type\":\"PropertyValueSpecification\",\"valueRequired\":true,\"valueName\":\"search_term_string\"}}],\"inLanguage\":\"ca\"},{\"@type\":\"Organization\",\"@id\":\"https:\\\/\\\/maquinariaparaquesos.com\\\/ca\\\/#organization\",\"name\":\"FIBOSA\",\"url\":\"https:\\\/\\\/maquinariaparaquesos.com\\\/ca\\\/\",\"logo\":{\"@type\":\"ImageObject\",\"inLanguage\":\"ca\",\"@id\":\"https:\\\/\\\/maquinariaparaquesos.com\\\/ca\\\/#\\\/schema\\\/logo\\\/image\\\/\",\"url\":\"https:\\\/\\\/maquinariaparaquesos.com\\\/wp-content\\\/uploads\\\/2023\\\/03\\\/LOGO_HORIZONTAL.png\",\"contentUrl\":\"https:\\\/\\\/maquinariaparaquesos.com\\\/wp-content\\\/uploads\\\/2023\\\/03\\\/LOGO_HORIZONTAL.png\",\"width\":1600,\"height\":700,\"caption\":\"FIBOSA\"},\"image\":{\"@id\":\"https:\\\/\\\/maquinariaparaquesos.com\\\/ca\\\/#\\\/schema\\\/logo\\\/image\\\/\"},\"sameAs\":[\"https:\\\/\\\/www.instagram.com\\\/Fibosa1979\\\/\",\"https:\\\/\\\/es.linkedin.com\\\/company\\\/fibosa\",\"https:\\\/\\\/www.youtube.com\\\/user\\\/Fibosavideos\"]}]}<\/script>\n<!-- \/ Yoast SEO plugin. -->","yoast_head_json":{"title":"Pol\u00edtica de cookies  FIBOSA","robots":{"index":"noindex","follow":"nofollow"},"og_locale":"ca_ES","og_type":"article","og_title":"Pol\u00edtica de cookies  FIBOSA","og_description":"Les galetes o galetes s\u00f3n petits arxius de text que s&#8217;instal\u00b7len als equips des dels quals s&#8217;accedeix al nostre lloc web. Entre altres finalitats, les galetes registren les prefer\u00e8ncies i els h\u00e0bits de navegaci\u00f3 d&#8217;un usuari. Tot i que s&#8217;associen a aquest usuari i al seu equip, no proporcionen dades directament identificatives. Hi ha cookies, [&hellip;]","og_url":"https:\/\/maquinariaparaquesos.com\/ca\/politica-de-cookies\/","article_modified_time":"2023-05-15T18:16:28+00:00","og_image":[{"width":1516,"height":1080,"url":"https:\/\/maquinariaparaquesos.com\/wp-content\/uploads\/2023\/03\/fibosa-portada.png","type":"image\/png"}],"twitter_card":"summary_large_image","twitter_misc":{"Temps estimat de lectura":"4 minuts"},"schema":{"@context":"https:\/\/schema.org","@graph":[{"@type":"WebPage","@id":"https:\/\/maquinariaparaquesos.com\/ca\/politica-de-cookies\/","url":"https:\/\/maquinariaparaquesos.com\/ca\/politica-de-cookies\/","name":"Pol\u00edtica de cookies FIBOSA","isPartOf":{"@id":"https:\/\/maquinariaparaquesos.com\/ca\/#website"},"datePublished":"2023-03-21T10:12:30+00:00","dateModified":"2023-05-15T18:16:28+00:00","breadcrumb":{"@id":"https:\/\/maquinariaparaquesos.com\/ca\/politica-de-cookies\/#breadcrumb"},"inLanguage":"ca","potentialAction":[{"@type":"ReadAction","target":["https:\/\/maquinariaparaquesos.com\/ca\/politica-de-cookies\/"]}]},{"@type":"BreadcrumbList","@id":"https:\/\/maquinariaparaquesos.com\/ca\/politica-de-cookies\/#breadcrumb","itemListElement":[{"@type":"ListItem","position":1,"name":"Portada","item":"https:\/\/maquinariaparaquesos.com\/ca\/maquinaria-per-la-elaboracio-de-formatges\/"},{"@type":"ListItem","position":2,"name":"Pol\u00edtica de cookies"}]},{"@type":"WebSite","@id":"https:\/\/maquinariaparaquesos.com\/ca\/#website","url":"https:\/\/maquinariaparaquesos.com\/ca\/","name":"Maquinaria para quesos FIBOSA","description":"Maquinaria para la elaboraci\u00f3n de quesos","publisher":{"@id":"https:\/\/maquinariaparaquesos.com\/ca\/#organization"},"potentialAction":[{"@type":"SearchAction","target":{"@type":"EntryPoint","urlTemplate":"https:\/\/maquinariaparaquesos.com\/ca\/?s={search_term_string}"},"query-input":{"@type":"PropertyValueSpecification","valueRequired":true,"valueName":"search_term_string"}}],"inLanguage":"ca"},{"@type":"Organization","@id":"https:\/\/maquinariaparaquesos.com\/ca\/#organization","name":"FIBOSA","url":"https:\/\/maquinariaparaquesos.com\/ca\/","logo":{"@type":"ImageObject","inLanguage":"ca","@id":"https:\/\/maquinariaparaquesos.com\/ca\/#\/schema\/logo\/image\/","url":"https:\/\/maquinariaparaquesos.com\/wp-content\/uploads\/2023\/03\/LOGO_HORIZONTAL.png","contentUrl":"https:\/\/maquinariaparaquesos.com\/wp-content\/uploads\/2023\/03\/LOGO_HORIZONTAL.png","width":1600,"height":700,"caption":"FIBOSA"},"image":{"@id":"https:\/\/maquinariaparaquesos.com\/ca\/#\/schema\/logo\/image\/"},"sameAs":["https:\/\/www.instagram.com\/Fibosa1979\/","https:\/\/es.linkedin.com\/company\/fibosa","https:\/\/www.youtube.com\/user\/Fibosavideos"]}]}},"_links":{"self":[{"href":"https:\/\/maquinariaparaquesos.com\/ca\/wp-json\/wp\/v2\/pages\/767","targetHints":{"allow":["GET"]}}],"collection":[{"href":"https:\/\/maquinariaparaquesos.com\/ca\/wp-json\/wp\/v2\/pages"}],"about":[{"href":"https:\/\/maquinariaparaquesos.com\/ca\/wp-json\/wp\/v2\/types\/page"}],"author":[{"embeddable":true,"href":"https:\/\/maquinariaparaquesos.com\/ca\/wp-json\/wp\/v2\/users\/1"}],"replies":[{"embeddable":true,"href":"https:\/\/maquinariaparaquesos.com\/ca\/wp-json\/wp\/v2\/comments?post=767"}],"version-history":[{"count":0,"href":"https:\/\/maquinariaparaquesos.com\/ca\/wp-json\/wp\/v2\/pages\/767\/revisions"}],"wp:attachment":[{"href":"https:\/\/maquinariaparaquesos.com\/ca\/wp-json\/wp\/v2\/media?parent=767"}],"curies":[{"name":"wp","href":"https:\/\/api.w.org\/{rel}","templated":true}]}}