{"id":758,"date":"2023-03-21T10:10:07","date_gmt":"2023-03-21T10:10:07","guid":{"rendered":"https:\/\/maquinariaparaquesos.com\/avis-legal\/"},"modified":"2023-05-15T18:13:31","modified_gmt":"2023-05-15T18:13:31","slug":"avis-legal","status":"publish","type":"page","link":"https:\/\/maquinariaparaquesos.com\/ca\/avis-legal\/","title":{"rendered":"Av\u00eds legal"},"content":{"rendered":"\n<p><strong>OBJECTE I ACCEPTACI\u00d3<\/strong><\/p>\n\n<p>Aquest av\u00eds legal regula l&#8217;\u00fas del web <a href=\"https:\/\/maquinariaparaquesos.com\/ca\/\" data-type=\"URL\" data-id=\"https:\/\/maquinariaparaquesos.com\/ca\/\" target=\"_blank\" rel=\"noreferrer noopener\">www.maquinariaparaquesos.com<\/a> , que \u00e9s de titularitat de CFI-2001 SL.<br\/>La navegaci\u00f3 i la utilitzaci\u00f3 dels serveis del portal atribueix la condici\u00f3 d&#8217;usuari del mateix i suposa l&#8217;acceptaci\u00f3 plena i sense reserves de cap mena, de totes i cadascuna de les disposicions incloses en aquest Av\u00eds Legal.<br\/>CFI-2001 SL podr\u00e0 en tot moment i sense previ av\u00eds modificar aquestes disposicions, mitjan\u00e7ant la seva publicaci\u00f3 al Portal per tal que siguin conegudes amb car\u00e0cter previ pels usuaris.<br\/>L&#8217;usuari est\u00e0 obligat a fer un \u00fas correcte de La Web d&#8217;acord amb la llei, la bona fe, l&#8217;ordre p\u00fablic, els usos del tr\u00e0nsit i aquest Av\u00eds Legal i respondr\u00e0 davant del propietari de la Web o davant de tercers pels danys i perjudicis que puguin sorgir com a conseq\u00fc\u00e8ncia de l&#8217;incompliment d&#8217;aquesta obligaci\u00f3.<\/p>\n\n<p><strong>IDENTIFICACI\u00d3 I COMUNICACIONS<\/strong><\/p>\n\n<p>El propietari de la Web en compliment de llei 34\/2002, d&#8217;11 de juliol, de Serveis de la Societat de la Informaci\u00f3 i Comer\u00e7 Electr\u00f2nic (LSSICE), us informa que:<br\/>La seva denominaci\u00f3 social \u00e9s: CFI-2001 SL<br\/>El seu nom comercial \u00e9s: FIBOSA<br\/>El seu CIF \u00e9s: B17701194<br\/>El seu domicili social es troba a: Avda. Mas Pins, s\/n, 17457, Riudellots de la Selva (Girona)<br\/>Per comunicar-se amb nosaltres, posem a la vostra disposici\u00f3 diversos mitjans de contacte que es detallen a continuaci\u00f3:<br\/>Tel\u00e8fon: (+34) 972 47 80 80<br\/>Correu electr\u00f2nic: info@fibosa.com<br\/>Totes les notificacions i comunicacions entre els usuaris i el propietari de la Web es consideraran eficaces, amb car\u00e0cter general, quan es duguin a terme a trav\u00e9s de correu postal o qualsevol altre mitj\u00e0 detallat anteriorment.<\/p>\n\n<p><strong>CONDICIONS D&#8217;ACC\u00c9S I \u00daS<\/strong><\/p>\n\n<p>La Web i els seus serveis s\u00f3n d&#8217;acc\u00e9s lliure i gratu\u00eft, no obstant aix\u00f2, el propietari de la Web pot condicionar l&#8217;\u00fas d&#8217;alguns dels serveis oferts al seu lloc web a l&#8217;emplenament previ del corresponent formulari, pr\u00e8via lectura i acceptaci\u00f3 \u00edntegra, expressa i sense reserves del present Av\u00eds Legal i de la Pol\u00edtica de Privadesa.<br\/>L&#8217;usuari garanteix l&#8217;autenticitat i l&#8217;actualitat de totes les dades que comuniqui al propietari del web i ser\u00e0 \u00fanic responsable de les manifestacions falses o inexactes que dugui a terme.<br\/>Si l&#8217;usuari no estigu\u00e9s d&#8217;acord amb les condicions d&#8217;\u00fas, caldr\u00e0 abstenir-se d&#8217;utilitzar aquest portal i operar-hi.<br\/>L&#8217;usuari es compromet a fer un \u00fas diligent, correcte i l\u00edcit dels continguts i serveis del Portal ia no utilitzar-los per, entre d&#8217;altres:<\/p>\n\n<ul class=\"wp-block-list\">\n<li>a) Difusi\u00f3 de continguts delictius, violents, pornogr\u00e0fics, racistes, xen\u00f2fobs, ofensius, d&#8217;apologia del terrorisme o, en general, contraris a la llei, a la moral i als bons costums oa l&#8217;ordre p\u00fablic.<\/li>\n\n\n\n<li>b) Introduir a les xarxes virus inform\u00e0tics o realitzar actuacions susceptibles d&#8217;alterar, danyar, interrompre o generar errors o danys en els sistemes f\u00edsics i l\u00f2gics del propietari del web o de tercers, aix\u00ed com obstaculitzar l&#8217;acc\u00e9s d&#8217;altres usuaris al web ia els seus serveis mitjan\u00e7ant el consum massiu dels recursos inform\u00e0tics a trav\u00e9s dels quals el propietari de la Web presta els seus serveis.<\/li>\n\n\n\n<li>c) La recollida i\/o utilitzaci\u00f3 de dades personals d&#8217;altres usuaris sense el seu consentiment expr\u00e9s o contravenint el que disposa la normativa vigent en mat\u00e8ria de protecci\u00f3 de dades.<\/li>\n\n\n\n<li>d) Vulnerar els drets de propietat intel\u00b7lectual o industrial, aix\u00ed com violar la confidencialitat de la informaci\u00f3 del propietari de la Web o tercers.<\/li>\n\n\n\n<li>e) Suplantar la identitat d&#8217;un altre usuari, de les administracions p\u00fabliques o d&#8217;un tercer.<\/li>\n\n\n\n<li>f) Queda prohibit qualsevol acte de transmissi\u00f3, distribuci\u00f3 cessi\u00f3, modificaci\u00f3, reproducci\u00f3, emmagatzematge o comunicaci\u00f3 p\u00fablica total o parcial dels continguts de la Web que no hagi estat experesament autoritzada pel titular dels drets d&#8217;explotaci\u00f3 o resulti legalment perm\u00e8s.<\/li>\n\n\n\n<li>g) La utilitzaci\u00f3 del servidor de correu del domini i de les adreces de correu electr\u00f2nic per a l&#8217;enviament de correu massiu no autoritzat.<\/li>\n\n\n\n<li>h) L&#8217;usuari haur\u00e0 d&#8217;abstenir-se de fer manifestacions o indicacions falses, inexactes o incorrectes sobre el propietari de la Web o incloure continguts il\u00b7l\u00edcits contraris als bons usos i l&#8217;ordre.<\/li>\n<\/ul>\n\n<p>L&#8217;establiment d&#8217;un hiperenlla\u00e7 no implica en cap cas, l&#8217;exist\u00e8ncia de relacions entre el propietari de La Web i el propietari de la p\u00e0gina web on s&#8217;estableixi, ni l&#8217;acceptaci\u00f3 i l&#8217;aprovaci\u00f3 per part del propietari de La Web dels seus continguts o serveis. Aquells que vulguin establir un hiperenlla\u00e7, pr\u00e8viament hauran de sol\u00b7licitar autoritzaci\u00f3 per escrit al propietari de la Web. En qualsevol cas, l&#8217;hiperenlla\u00e7 nom\u00e9s permetr\u00e0 l&#8217;acc\u00e9s a la p\u00e0gina web o p\u00e0gina d&#8217;inici de La Web.<br\/>CFI-2001 SL no ser\u00e0 responsable del contingut de les p\u00e0gines web de destinaci\u00f3 que s&#8217;estableixin mitjan\u00e7ant vincles al Portal ni tampoc de les infraccions de drets de tercers en qu\u00e8 aquestes p\u00e0gines poguessin inc\u00f3rrer.<\/p>\n\n<p><strong>PROPIETAT INDUSTRIAL I INTEL\u00b7LECTUAL<\/strong><\/p>\n\n<p>Tots els continguts inclosos al Portal i en particular les marques, noms comercials, dissenys industrials, dissenys, textos, fotografies, gr\u00e0fics, logotips, icones, programari o qualsevol altre signe susceptible d&#8217;utilitzaci\u00f3 industrial i comercial estan protegits per drets de propietat industrial i intel\u00b7lectual de CFI-2001 SL o de tercers titulars dels mateixos que han autoritzat la seva inclusi\u00f3 al Portal. Queda per tant prohibida qualsevol utilitzaci\u00f3 i\/o reproducci\u00f3 dels mateixos sense consentiment expr\u00e9s de CFI-2001 SL.<br\/><\/p>\n\n<p>CFI-2001 SL no ser\u00e0 responsable de la infracci\u00f3 dels drets de propietat intel\u00b7lectual o industrial de tercers que poguessin derivar-se de la inclusi\u00f3 al Portal de marques, noms comercials, dissenys industrials, dissenys, textos, fotografies, gr\u00e0fics, logotips, icones o programari pertanyents a tercers que hagin declarat ser-ne titulars en incloure&#8217;ls al Portal.<br\/>En cap cas no s&#8217;entendr\u00e0 que l&#8217;acc\u00e9s i la navegaci\u00f3 de l&#8217;Usuari implica una autoritzaci\u00f3 o que s&#8217;efectua ren\u00fancia, transmissi\u00f3, cessi\u00f3 total o parcial dels drets esmentats ni la concessi\u00f3 de cap dret ni expectativa de dret i, en concret, de l&#8217;alteraci\u00f3, la transformaci\u00f3 , explotaci\u00f3, reproducci\u00f3, distribuci\u00f3 o comunicaci\u00f3 p\u00fablica sobre aquests continguts sense la pr\u00e8via autoritzaci\u00f3 expressa del propietari de la Web o dels titulars corresponents.<\/p>\n\n<p><strong>EXCLUSI\u00d3 DE GARANTIES I RESPONSABILITAT<\/strong><\/p>\n\n<p>El propietari de La Web exclou, fins on us permet l&#8217;ordenament jur\u00eddic, qualsevol responsabilitat per danys i perjudicis de qualsevol naturalesa derivats de:<\/p>\n\n<ul class=\"wp-block-list\">\n<li>a) La impossibilitat d&#8217;acc\u00e9s al web.<\/li>\n\n\n\n<li>b) La manca de veracitat, exactitud, exhaustivitat i\/o actualitat dels continguts als quals s&#8217;hagi accedit a trav\u00e9s del web, aix\u00ed com l&#8217;exist\u00e8ncia de vicis i defectes.<\/li>\n\n\n\n<li>c) La pres\u00e8ncia de virus o altres elements en els continguts que puguin produir alteracions als sistemes inform\u00e0tics, documents electr\u00f2nics o dades de l&#8217;usuari.<\/li>\n\n\n\n<li>d) L&#8217;incompliment de les lleis, la bona fe, l&#8217;ordre p\u00fablic, els usos del tr\u00e0nsit i aquest Av\u00eds Legal, com a resultat de l&#8217;\u00fas incorrecte del lloc web. En particular ia tall d&#8217;exemple, el propietari de La Web no es fa responsable de les actuacions de tercers que vulnerin drets de propietat intel\u00b7lectual i industrial, secrets empresarials, drets a l&#8217;honor, a la intimitat personal i familiar ia la pr\u00f2pia imatge, aix\u00ed com la normativa sobre compet\u00e8ncia deslleial i publicitat il\u00b7l\u00edcita.<\/li>\n\n\n\n<li>e) CFI-2001 SL no \u00e9s responsable de l&#8217;establiment d&#8217;hipervincles per part de tercers. Declina qualsevol responsabilitat respecte a la informaci\u00f3 que estigui fora d&#8217;aquest lloc web i no sigui gestionada directament pel seu webmaster. La funci\u00f3 dels enlla\u00e7os que apareixen a La Web \u00e9s exclusivament informar l&#8217;usuari sobre l&#8217;exist\u00e8ncia d&#8217;altres fonts que podrien ampliar els continguts oferts. El propietari de La Web no garanteix ni \u00e9s responsable del funcionament o de l&#8217;acc\u00e9s als llocs enlla\u00e7ats, ni suggereix, convida o recomana la visita als mateixos, per la qual cosa tampoc ser\u00e0 responsable dels resultats obtinguts.<\/li>\n<\/ul>\n\n<p><strong>PUBLICACIONS<\/strong><\/p>\n\n<p>La informaci\u00f3 aqu\u00ed publicada s&#8217;ha d&#8217;entendre com una guia sense prop\u00f2sit de validesa legal i no substitueix la publicitat legal de les lleis, normatives, plans, disposicions generals i actes que han d&#8217;estar formalment publicats als butlletins oficials de les administracions p\u00fabliques i que s\u00f3n l&#8217;\u00fanic instrument que d\u00f3na fe de la seva autenticitat i contingut.<\/p>\n","protected":false},"excerpt":{"rendered":"<p>OBJECTE I ACCEPTACI\u00d3 Aquest av\u00eds legal regula l&#8217;\u00fas del web www.maquinariaparaquesos.com , que \u00e9s de titularitat de CFI-2001 SL.La navegaci\u00f3 i la utilitzaci\u00f3 dels serveis del portal atribueix la condici\u00f3 d&#8217;usuari del mateix i suposa l&#8217;acceptaci\u00f3 plena i sense reserves de cap mena, de totes i cadascuna de les disposicions incloses en aquest Av\u00eds Legal.CFI-2001 [&hellip;]<\/p>\n","protected":false},"author":1,"featured_media":0,"parent":0,"menu_order":0,"comment_status":"closed","ping_status":"closed","template":"","meta":{"site-sidebar-layout":"default","site-content-layout":"","ast-site-content-layout":"default","site-content-style":"default","site-sidebar-style":"default","ast-global-header-display":"","ast-banner-title-visibility":"","ast-main-header-display":"","ast-hfb-above-header-display":"","ast-hfb-below-header-display":"","ast-hfb-mobile-header-display":"","site-post-title":"","ast-breadcrumbs-content":"","ast-featured-img":"","footer-sml-layout":"","ast-disable-related-posts":"","theme-transparent-header-meta":"","adv-header-id-meta":"","stick-header-meta":"","header-above-stick-meta":"","header-main-stick-meta":"","header-below-stick-meta":"","astra-migrate-meta-layouts":"default","ast-page-background-enabled":"default","ast-page-background-meta":{"desktop":{"background-color":"","background-image":"","background-repeat":"repeat","background-position":"center center","background-size":"auto","background-attachment":"scroll","background-type":"","background-media":"","overlay-type":"","overlay-color":"","overlay-opacity":"","overlay-gradient":""},"tablet":{"background-color":"","background-image":"","background-repeat":"repeat","background-position":"center center","background-size":"auto","background-attachment":"scroll","background-type":"","background-media":"","overlay-type":"","overlay-color":"","overlay-opacity":"","overlay-gradient":""},"mobile":{"background-color":"","background-image":"","background-repeat":"repeat","background-position":"center center","background-size":"auto","background-attachment":"scroll","background-type":"","background-media":"","overlay-type":"","overlay-color":"","overlay-opacity":"","overlay-gradient":""}},"ast-content-background-meta":{"desktop":{"background-color":"var(--ast-global-color-5)","background-image":"","background-repeat":"repeat","background-position":"center center","background-size":"auto","background-attachment":"scroll","background-type":"","background-media":"","overlay-type":"","overlay-color":"","overlay-opacity":"","overlay-gradient":""},"tablet":{"background-color":"var(--ast-global-color-5)","background-image":"","background-repeat":"repeat","background-position":"center center","background-size":"auto","background-attachment":"scroll","background-type":"","background-media":"","overlay-type":"","overlay-color":"","overlay-opacity":"","overlay-gradient":""},"mobile":{"background-color":"var(--ast-global-color-5)","background-image":"","background-repeat":"repeat","background-position":"center center","background-size":"auto","background-attachment":"scroll","background-type":"","background-media":"","overlay-type":"","overlay-color":"","overlay-opacity":"","overlay-gradient":""}},"footnotes":""},"class_list":["post-758","page","type-page","status-publish","hentry"],"yoast_head":"<!-- This site is optimized with the Yoast SEO plugin v27.4 - https:\/\/yoast.com\/product\/yoast-seo-wordpress\/ -->\n<title>Av\u00eds legal  FIBOSA<\/title>\n<meta name=\"robots\" content=\"noindex, nofollow\" \/>\n<meta property=\"og:locale\" content=\"ca_ES\" \/>\n<meta property=\"og:type\" content=\"article\" \/>\n<meta property=\"og:title\" content=\"Av\u00eds legal  FIBOSA\" \/>\n<meta property=\"og:description\" content=\"OBJECTE I ACCEPTACI\u00d3 Aquest av\u00eds legal regula l&#8217;\u00fas del web www.maquinariaparaquesos.com , que \u00e9s de titularitat de CFI-2001 SL.La navegaci\u00f3 i la utilitzaci\u00f3 dels serveis del portal atribueix la condici\u00f3 d&#8217;usuari del mateix i suposa l&#8217;acceptaci\u00f3 plena i sense reserves de cap mena, de totes i cadascuna de les disposicions incloses en aquest Av\u00eds Legal.CFI-2001 [&hellip;]\" \/>\n<meta property=\"og:url\" content=\"https:\/\/maquinariaparaquesos.com\/ca\/avis-legal\/\" \/>\n<meta property=\"article:modified_time\" content=\"2023-05-15T18:13:31+00:00\" \/>\n<meta property=\"og:image\" content=\"https:\/\/maquinariaparaquesos.com\/wp-content\/uploads\/2023\/03\/fibosa-portada.png\" \/>\n\t<meta property=\"og:image:width\" content=\"1516\" \/>\n\t<meta property=\"og:image:height\" content=\"1080\" \/>\n\t<meta property=\"og:image:type\" content=\"image\/png\" \/>\n<meta name=\"twitter:card\" content=\"summary_large_image\" \/>\n<meta name=\"twitter:label1\" content=\"Temps estimat de lectura\" \/>\n\t<meta name=\"twitter:data1\" content=\"7 minuts\" \/>\n<script type=\"application\/ld+json\" class=\"yoast-schema-graph\">{\"@context\":\"https:\\\/\\\/schema.org\",\"@graph\":[{\"@type\":\"WebPage\",\"@id\":\"https:\\\/\\\/maquinariaparaquesos.com\\\/ca\\\/avis-legal\\\/\",\"url\":\"https:\\\/\\\/maquinariaparaquesos.com\\\/ca\\\/avis-legal\\\/\",\"name\":\"Av\u00eds legal FIBOSA\",\"isPartOf\":{\"@id\":\"https:\\\/\\\/maquinariaparaquesos.com\\\/ca\\\/#website\"},\"datePublished\":\"2023-03-21T10:10:07+00:00\",\"dateModified\":\"2023-05-15T18:13:31+00:00\",\"breadcrumb\":{\"@id\":\"https:\\\/\\\/maquinariaparaquesos.com\\\/ca\\\/avis-legal\\\/#breadcrumb\"},\"inLanguage\":\"ca\",\"potentialAction\":[{\"@type\":\"ReadAction\",\"target\":[\"https:\\\/\\\/maquinariaparaquesos.com\\\/ca\\\/avis-legal\\\/\"]}]},{\"@type\":\"BreadcrumbList\",\"@id\":\"https:\\\/\\\/maquinariaparaquesos.com\\\/ca\\\/avis-legal\\\/#breadcrumb\",\"itemListElement\":[{\"@type\":\"ListItem\",\"position\":1,\"name\":\"Portada\",\"item\":\"https:\\\/\\\/maquinariaparaquesos.com\\\/ca\\\/maquinaria-per-la-elaboracio-de-formatges\\\/\"},{\"@type\":\"ListItem\",\"position\":2,\"name\":\"Av\u00eds legal\"}]},{\"@type\":\"WebSite\",\"@id\":\"https:\\\/\\\/maquinariaparaquesos.com\\\/ca\\\/#website\",\"url\":\"https:\\\/\\\/maquinariaparaquesos.com\\\/ca\\\/\",\"name\":\"Maquinaria para quesos FIBOSA\",\"description\":\"Maquinaria para la elaboraci\u00f3n de quesos\",\"publisher\":{\"@id\":\"https:\\\/\\\/maquinariaparaquesos.com\\\/ca\\\/#organization\"},\"potentialAction\":[{\"@type\":\"SearchAction\",\"target\":{\"@type\":\"EntryPoint\",\"urlTemplate\":\"https:\\\/\\\/maquinariaparaquesos.com\\\/ca\\\/?s={search_term_string}\"},\"query-input\":{\"@type\":\"PropertyValueSpecification\",\"valueRequired\":true,\"valueName\":\"search_term_string\"}}],\"inLanguage\":\"ca\"},{\"@type\":\"Organization\",\"@id\":\"https:\\\/\\\/maquinariaparaquesos.com\\\/ca\\\/#organization\",\"name\":\"FIBOSA\",\"url\":\"https:\\\/\\\/maquinariaparaquesos.com\\\/ca\\\/\",\"logo\":{\"@type\":\"ImageObject\",\"inLanguage\":\"ca\",\"@id\":\"https:\\\/\\\/maquinariaparaquesos.com\\\/ca\\\/#\\\/schema\\\/logo\\\/image\\\/\",\"url\":\"https:\\\/\\\/maquinariaparaquesos.com\\\/wp-content\\\/uploads\\\/2023\\\/03\\\/LOGO_HORIZONTAL.png\",\"contentUrl\":\"https:\\\/\\\/maquinariaparaquesos.com\\\/wp-content\\\/uploads\\\/2023\\\/03\\\/LOGO_HORIZONTAL.png\",\"width\":1600,\"height\":700,\"caption\":\"FIBOSA\"},\"image\":{\"@id\":\"https:\\\/\\\/maquinariaparaquesos.com\\\/ca\\\/#\\\/schema\\\/logo\\\/image\\\/\"},\"sameAs\":[\"https:\\\/\\\/www.instagram.com\\\/Fibosa1979\\\/\",\"https:\\\/\\\/es.linkedin.com\\\/company\\\/fibosa\",\"https:\\\/\\\/www.youtube.com\\\/user\\\/Fibosavideos\"]}]}<\/script>\n<!-- \/ Yoast SEO plugin. -->","yoast_head_json":{"title":"Av\u00eds legal  FIBOSA","robots":{"index":"noindex","follow":"nofollow"},"og_locale":"ca_ES","og_type":"article","og_title":"Av\u00eds legal  FIBOSA","og_description":"OBJECTE I ACCEPTACI\u00d3 Aquest av\u00eds legal regula l&#8217;\u00fas del web www.maquinariaparaquesos.com , que \u00e9s de titularitat de CFI-2001 SL.La navegaci\u00f3 i la utilitzaci\u00f3 dels serveis del portal atribueix la condici\u00f3 d&#8217;usuari del mateix i suposa l&#8217;acceptaci\u00f3 plena i sense reserves de cap mena, de totes i cadascuna de les disposicions incloses en aquest Av\u00eds Legal.CFI-2001 [&hellip;]","og_url":"https:\/\/maquinariaparaquesos.com\/ca\/avis-legal\/","article_modified_time":"2023-05-15T18:13:31+00:00","og_image":[{"width":1516,"height":1080,"url":"https:\/\/maquinariaparaquesos.com\/wp-content\/uploads\/2023\/03\/fibosa-portada.png","type":"image\/png"}],"twitter_card":"summary_large_image","twitter_misc":{"Temps estimat de lectura":"7 minuts"},"schema":{"@context":"https:\/\/schema.org","@graph":[{"@type":"WebPage","@id":"https:\/\/maquinariaparaquesos.com\/ca\/avis-legal\/","url":"https:\/\/maquinariaparaquesos.com\/ca\/avis-legal\/","name":"Av\u00eds legal FIBOSA","isPartOf":{"@id":"https:\/\/maquinariaparaquesos.com\/ca\/#website"},"datePublished":"2023-03-21T10:10:07+00:00","dateModified":"2023-05-15T18:13:31+00:00","breadcrumb":{"@id":"https:\/\/maquinariaparaquesos.com\/ca\/avis-legal\/#breadcrumb"},"inLanguage":"ca","potentialAction":[{"@type":"ReadAction","target":["https:\/\/maquinariaparaquesos.com\/ca\/avis-legal\/"]}]},{"@type":"BreadcrumbList","@id":"https:\/\/maquinariaparaquesos.com\/ca\/avis-legal\/#breadcrumb","itemListElement":[{"@type":"ListItem","position":1,"name":"Portada","item":"https:\/\/maquinariaparaquesos.com\/ca\/maquinaria-per-la-elaboracio-de-formatges\/"},{"@type":"ListItem","position":2,"name":"Av\u00eds legal"}]},{"@type":"WebSite","@id":"https:\/\/maquinariaparaquesos.com\/ca\/#website","url":"https:\/\/maquinariaparaquesos.com\/ca\/","name":"Maquinaria para quesos FIBOSA","description":"Maquinaria para la elaboraci\u00f3n de quesos","publisher":{"@id":"https:\/\/maquinariaparaquesos.com\/ca\/#organization"},"potentialAction":[{"@type":"SearchAction","target":{"@type":"EntryPoint","urlTemplate":"https:\/\/maquinariaparaquesos.com\/ca\/?s={search_term_string}"},"query-input":{"@type":"PropertyValueSpecification","valueRequired":true,"valueName":"search_term_string"}}],"inLanguage":"ca"},{"@type":"Organization","@id":"https:\/\/maquinariaparaquesos.com\/ca\/#organization","name":"FIBOSA","url":"https:\/\/maquinariaparaquesos.com\/ca\/","logo":{"@type":"ImageObject","inLanguage":"ca","@id":"https:\/\/maquinariaparaquesos.com\/ca\/#\/schema\/logo\/image\/","url":"https:\/\/maquinariaparaquesos.com\/wp-content\/uploads\/2023\/03\/LOGO_HORIZONTAL.png","contentUrl":"https:\/\/maquinariaparaquesos.com\/wp-content\/uploads\/2023\/03\/LOGO_HORIZONTAL.png","width":1600,"height":700,"caption":"FIBOSA"},"image":{"@id":"https:\/\/maquinariaparaquesos.com\/ca\/#\/schema\/logo\/image\/"},"sameAs":["https:\/\/www.instagram.com\/Fibosa1979\/","https:\/\/es.linkedin.com\/company\/fibosa","https:\/\/www.youtube.com\/user\/Fibosavideos"]}]}},"_links":{"self":[{"href":"https:\/\/maquinariaparaquesos.com\/ca\/wp-json\/wp\/v2\/pages\/758","targetHints":{"allow":["GET"]}}],"collection":[{"href":"https:\/\/maquinariaparaquesos.com\/ca\/wp-json\/wp\/v2\/pages"}],"about":[{"href":"https:\/\/maquinariaparaquesos.com\/ca\/wp-json\/wp\/v2\/types\/page"}],"author":[{"embeddable":true,"href":"https:\/\/maquinariaparaquesos.com\/ca\/wp-json\/wp\/v2\/users\/1"}],"replies":[{"embeddable":true,"href":"https:\/\/maquinariaparaquesos.com\/ca\/wp-json\/wp\/v2\/comments?post=758"}],"version-history":[{"count":0,"href":"https:\/\/maquinariaparaquesos.com\/ca\/wp-json\/wp\/v2\/pages\/758\/revisions"}],"wp:attachment":[{"href":"https:\/\/maquinariaparaquesos.com\/ca\/wp-json\/wp\/v2\/media?parent=758"}],"curies":[{"name":"wp","href":"https:\/\/api.w.org\/{rel}","templated":true}]}}