{"id":755,"date":"2023-03-21T10:14:02","date_gmt":"2023-03-21T10:14:02","guid":{"rendered":"https:\/\/maquinariaparaquesos.com\/politica-de-privacitat\/"},"modified":"2023-05-15T18:13:30","modified_gmt":"2023-05-15T18:13:30","slug":"politica-de-privacitat","status":"publish","type":"page","link":"https:\/\/maquinariaparaquesos.com\/ca\/politica-de-privacitat\/","title":{"rendered":"Pol\u00edtica de privadesa"},"content":{"rendered":"\n<p>CFI-2001 SL \u00e9s conscient de la import\u00e0ncia que suposa per als nostres usuaris obtenir informaci\u00f3 clara i transparent sobre l\u00b4\u00fas que fem de la informaci\u00f3 que ens proporcionen.<br\/>La relaci\u00f3 amb els nostres usuaris es basa en l&#8217;honestedat, el rigor i la transpar\u00e8ncia per construir relacions s\u00f2lides i de confian\u00e7a m\u00fatua. Mitjan\u00e7ant aquesta Pol\u00edtica de Privadesa els detallem com tractem les vostres dades personals quan es relacionen amb nosaltres.<br\/>Quan necessitem obtenir informaci\u00f3 per part seva, sempre us demanarem que ens la proporcioni volunt\u00e0riament de forma expressa. Les dades proporcionades mitjan\u00e7ant l&#8217;emplenament dels formularis del Portal seran incorporades al sistema d&#8217;informaci\u00f3 de qu\u00e8 \u00e9s responsable CFI-2001 SL.<br\/>La legitimaci\u00f3 per al tractament de les vostres dades es basa en el consentiment lliure, espec\u00edfic, informat i inequ\u00edvoc de l&#8217;usuari, mentre us informem posant a la vostra disposici\u00f3 no nom\u00e9s la present pol\u00edtica de privadesa, perqu\u00e8 despr\u00e9s de la lectura i en cas d&#8217;estar conforme, accepteu amb el marcatge de la casella disposada a aquest efecte el tractament en q\u00fcesti\u00f3, sin\u00f3 amb la inclusi\u00f3 d&#8217;una primera capa informativa en el mateix formulari.<\/p>\n\n<p>CFI-2001 SL tractar\u00e0 les dades confidencialment i amb l&#8217;\u00fanica finalitat de prestar els serveis sol\u00b7licitats, amb totes les garanties legals i de seguretat que imposa la Llei Org\u00e0nica 3\/2018, del 5 de desembre, de protecci\u00f3 de dades i Garantia de Drets Digitals , el Reglament (UE) 2016\/679 del Parlament Europeu i del Consell, de 27 d&#8217;abril del 2016 (RGPD) i la Llei 34\/2002, d&#8217;11 de juliol, de Serveis de la Societat de la Informaci\u00f3 i Comer\u00e7 Electr\u00f2nic.<br\/>CFI-2001 SL tractar\u00e0 les dades personals de l&#8217;usuari demanades a trav\u00e9s de La Web, amb les finalitats seg\u00fcents:<br\/>1. Enviament d&#8217;informaci\u00f3 sol\u00b7licitada a trav\u00e9s dels formularis disposats a La Web.<br\/>2. Remetre butlletins informatius (newsletters), aix\u00ed com comunicacions comercials i\/o de publicitat de CFI-2001 SL.<br\/>3. Permetre el funcionament de la nostra website, a trav\u00e9s de cookies t\u00e8cniques i funcionals tal com es detalla a la nostra pol\u00edtica de cookies.<\/p>\n\n<p>Els camps d&#8217;aquests registres s\u00f3n d&#8217;emplenament obligatori, i \u00e9s impossible fer les finalitats expressades si no s&#8217;aporten aquestes dades o ens les facilita de manera err\u00f2nia o incompleta.<br\/>L&#8217;usuari manifesta que totes les dades facilitades per ell s\u00f3n certes i correctes i es compromet a mantenir-les actualitzades, comunicant els canvis a CFI-2001 SL.<br\/>Les dades que ens proporcioni, no es comunicaran a tercers aliens a CFI-2001 SL sense la seva aprovaci\u00f3 expressa, excepte obligaci\u00f3 legal.<br\/>Les dades personals proporcionades es conservaran mentre es mantingui la relaci\u00f3 comercial i l&#8217;usuari no n&#8217;hagi sol\u00b7licitat la supressi\u00f3 i durant el termini pel qual es puguin derivar responsabilitats legals.<br\/>L&#8217;usuari podr\u00e0, en qualsevol moment, revocar el consentiment prestat i exercitar els seus drets d&#8217;acc\u00e9s, rectificaci\u00f3, limitaci\u00f3 de tractament, portabilitat, cancel\u00b7laci\u00f3 i oposici\u00f3 adre\u00e7ant-se per escrit al domicili social de CFI-2001 SL situat a Avda. Mas Pins s\/n, 17457 Riudellots de la Selva (Girona) o enviant un correu electr\u00f2nic a info@fibosa.com identificat degudament i indicant de forma visible el dret concret que s&#8217;exerceix.<\/p>\n\n<p>En aplicaci\u00f3 de la LSSI, CFI-2001 SL no enviar\u00e0 comunicacions publicit\u00e0ries o promocionals per correu electr\u00f2nic o altre mitj\u00e0 de comunicaci\u00f3 electr\u00f2nica equivalent que pr\u00e8viament no haguessin estat sol\u00b7licitades o expressament autoritzades pels destinataris de les mateixes. En conseq\u00fc\u00e8ncia, a cadascun dels formularis que hi ha a La Web, l&#8217;usuari t\u00e9 la possibilitat de donar el seu consentiment expr\u00e9s per rebre butlletins, amb indenpend\u00e8ncia de la informaci\u00f3 puntualment sol\u00b7licitada.<br\/>CFI-2001 SL adopta les mesures necess\u00e0ries per garantir la seguretat, integritat i confidencialitat de les dades conforme al que disposa la Llei Org\u00e0nica 03\/2018 i la resta de normativa aplicable. Tot i aix\u00f2, no assumeix cap responsabilitat per danys i perjudicis derivats d&#8217;alteracions que tercers poden causar en els sistemes inform\u00e0tics, documents electr\u00f2nics o fitxers de l&#8217;usuari.<br\/>L&#8217;\u00fas de les cookies a trav\u00e9s del portal es regir\u00e0 per all\u00f2 establert a la nostra Pol\u00edtica de Cookies, accessible en tot moment des del Portal.<br\/>Qualsevol canvi que en el futur puguem introduir a la nostra pol\u00edtica de privadesa ser\u00e0 comunicat en aquesta p\u00e0gina. D&#8217;aquesta manera, podreu comprovar regularment les actualitzacions o canvis a la nostra pol\u00edtica de privadesa.<\/p>\n\n<p>En cas de diverg\u00e8ncies amb CFI-2001 SL en relaci\u00f3 amb el tractament de les seves dades, podeu interposar reclamaci\u00f3 davant l&#8217;Ag\u00e8ncia Espanyola de Protecci\u00f3 de Dades a la seva seu electr\u00f2nica (ww.aepd.es)<br\/>S&#8217;aplicar\u00e0 la legislaci\u00f3 espanyola a totes les disputes que afectin aquesta p\u00e0gina web, sent competents els tribunals i jutjats corresponents.<\/p>\n","protected":false},"excerpt":{"rendered":"<p>CFI-2001 SL \u00e9s conscient de la import\u00e0ncia que suposa per als nostres usuaris obtenir informaci\u00f3 clara i transparent sobre l\u00b4\u00fas que fem de la informaci\u00f3 que ens proporcionen.La relaci\u00f3 amb els nostres usuaris es basa en l&#8217;honestedat, el rigor i la transpar\u00e8ncia per construir relacions s\u00f2lides i de confian\u00e7a m\u00fatua. Mitjan\u00e7ant aquesta Pol\u00edtica de Privadesa [&hellip;]<\/p>\n","protected":false},"author":1,"featured_media":0,"parent":0,"menu_order":0,"comment_status":"closed","ping_status":"closed","template":"","meta":{"site-sidebar-layout":"default","site-content-layout":"","ast-site-content-layout":"default","site-content-style":"default","site-sidebar-style":"default","ast-global-header-display":"","ast-banner-title-visibility":"","ast-main-header-display":"","ast-hfb-above-header-display":"","ast-hfb-below-header-display":"","ast-hfb-mobile-header-display":"","site-post-title":"","ast-breadcrumbs-content":"","ast-featured-img":"","footer-sml-layout":"","ast-disable-related-posts":"","theme-transparent-header-meta":"","adv-header-id-meta":"","stick-header-meta":"","header-above-stick-meta":"","header-main-stick-meta":"","header-below-stick-meta":"","astra-migrate-meta-layouts":"default","ast-page-background-enabled":"default","ast-page-background-meta":{"desktop":{"background-color":"","background-image":"","background-repeat":"repeat","background-position":"center center","background-size":"auto","background-attachment":"scroll","background-type":"","background-media":"","overlay-type":"","overlay-color":"","overlay-opacity":"","overlay-gradient":""},"tablet":{"background-color":"","background-image":"","background-repeat":"repeat","background-position":"center center","background-size":"auto","background-attachment":"scroll","background-type":"","background-media":"","overlay-type":"","overlay-color":"","overlay-opacity":"","overlay-gradient":""},"mobile":{"background-color":"","background-image":"","background-repeat":"repeat","background-position":"center center","background-size":"auto","background-attachment":"scroll","background-type":"","background-media":"","overlay-type":"","overlay-color":"","overlay-opacity":"","overlay-gradient":""}},"ast-content-background-meta":{"desktop":{"background-color":"var(--ast-global-color-5)","background-image":"","background-repeat":"repeat","background-position":"center center","background-size":"auto","background-attachment":"scroll","background-type":"","background-media":"","overlay-type":"","overlay-color":"","overlay-opacity":"","overlay-gradient":""},"tablet":{"background-color":"var(--ast-global-color-5)","background-image":"","background-repeat":"repeat","background-position":"center center","background-size":"auto","background-attachment":"scroll","background-type":"","background-media":"","overlay-type":"","overlay-color":"","overlay-opacity":"","overlay-gradient":""},"mobile":{"background-color":"var(--ast-global-color-5)","background-image":"","background-repeat":"repeat","background-position":"center center","background-size":"auto","background-attachment":"scroll","background-type":"","background-media":"","overlay-type":"","overlay-color":"","overlay-opacity":"","overlay-gradient":""}},"footnotes":""},"class_list":["post-755","page","type-page","status-publish","hentry"],"yoast_head":"<!-- This site is optimized with the Yoast SEO plugin v27.4 - https:\/\/yoast.com\/product\/yoast-seo-wordpress\/ -->\n<title>Pol\u00edtica de privadesa  FIBOSA<\/title>\n<meta name=\"robots\" content=\"noindex, nofollow\" \/>\n<meta property=\"og:locale\" content=\"ca_ES\" \/>\n<meta property=\"og:type\" content=\"article\" \/>\n<meta property=\"og:title\" content=\"Pol\u00edtica de privadesa  FIBOSA\" \/>\n<meta property=\"og:description\" content=\"CFI-2001 SL \u00e9s conscient de la import\u00e0ncia que suposa per als nostres usuaris obtenir informaci\u00f3 clara i transparent sobre l\u00b4\u00fas que fem de la informaci\u00f3 que ens proporcionen.La relaci\u00f3 amb els nostres usuaris es basa en l&#8217;honestedat, el rigor i la transpar\u00e8ncia per construir relacions s\u00f2lides i de confian\u00e7a m\u00fatua. Mitjan\u00e7ant aquesta Pol\u00edtica de Privadesa [&hellip;]\" \/>\n<meta property=\"og:url\" content=\"https:\/\/maquinariaparaquesos.com\/ca\/politica-de-privacitat\/\" \/>\n<meta property=\"article:modified_time\" content=\"2023-05-15T18:13:30+00:00\" \/>\n<meta property=\"og:image\" content=\"https:\/\/maquinariaparaquesos.com\/wp-content\/uploads\/2023\/03\/fibosa-portada.png\" \/>\n\t<meta property=\"og:image:width\" content=\"1516\" \/>\n\t<meta property=\"og:image:height\" content=\"1080\" \/>\n\t<meta property=\"og:image:type\" content=\"image\/png\" \/>\n<meta name=\"twitter:card\" content=\"summary_large_image\" \/>\n<meta name=\"twitter:label1\" content=\"Temps estimat de lectura\" \/>\n\t<meta name=\"twitter:data1\" content=\"4 minuts\" \/>\n<script type=\"application\/ld+json\" class=\"yoast-schema-graph\">{\"@context\":\"https:\\\/\\\/schema.org\",\"@graph\":[{\"@type\":\"WebPage\",\"@id\":\"https:\\\/\\\/maquinariaparaquesos.com\\\/ca\\\/politica-de-privacitat\\\/\",\"url\":\"https:\\\/\\\/maquinariaparaquesos.com\\\/ca\\\/politica-de-privacitat\\\/\",\"name\":\"Pol\u00edtica de privadesa FIBOSA\",\"isPartOf\":{\"@id\":\"https:\\\/\\\/maquinariaparaquesos.com\\\/ca\\\/#website\"},\"datePublished\":\"2023-03-21T10:14:02+00:00\",\"dateModified\":\"2023-05-15T18:13:30+00:00\",\"breadcrumb\":{\"@id\":\"https:\\\/\\\/maquinariaparaquesos.com\\\/ca\\\/politica-de-privacitat\\\/#breadcrumb\"},\"inLanguage\":\"ca\",\"potentialAction\":[{\"@type\":\"ReadAction\",\"target\":[\"https:\\\/\\\/maquinariaparaquesos.com\\\/ca\\\/politica-de-privacitat\\\/\"]}]},{\"@type\":\"BreadcrumbList\",\"@id\":\"https:\\\/\\\/maquinariaparaquesos.com\\\/ca\\\/politica-de-privacitat\\\/#breadcrumb\",\"itemListElement\":[{\"@type\":\"ListItem\",\"position\":1,\"name\":\"Portada\",\"item\":\"https:\\\/\\\/maquinariaparaquesos.com\\\/ca\\\/maquinaria-per-la-elaboracio-de-formatges\\\/\"},{\"@type\":\"ListItem\",\"position\":2,\"name\":\"Pol\u00edtica de privadesa\"}]},{\"@type\":\"WebSite\",\"@id\":\"https:\\\/\\\/maquinariaparaquesos.com\\\/ca\\\/#website\",\"url\":\"https:\\\/\\\/maquinariaparaquesos.com\\\/ca\\\/\",\"name\":\"Maquinaria para quesos FIBOSA\",\"description\":\"Maquinaria para la elaboraci\u00f3n de quesos\",\"publisher\":{\"@id\":\"https:\\\/\\\/maquinariaparaquesos.com\\\/ca\\\/#organization\"},\"potentialAction\":[{\"@type\":\"SearchAction\",\"target\":{\"@type\":\"EntryPoint\",\"urlTemplate\":\"https:\\\/\\\/maquinariaparaquesos.com\\\/ca\\\/?s={search_term_string}\"},\"query-input\":{\"@type\":\"PropertyValueSpecification\",\"valueRequired\":true,\"valueName\":\"search_term_string\"}}],\"inLanguage\":\"ca\"},{\"@type\":\"Organization\",\"@id\":\"https:\\\/\\\/maquinariaparaquesos.com\\\/ca\\\/#organization\",\"name\":\"FIBOSA\",\"url\":\"https:\\\/\\\/maquinariaparaquesos.com\\\/ca\\\/\",\"logo\":{\"@type\":\"ImageObject\",\"inLanguage\":\"ca\",\"@id\":\"https:\\\/\\\/maquinariaparaquesos.com\\\/ca\\\/#\\\/schema\\\/logo\\\/image\\\/\",\"url\":\"https:\\\/\\\/maquinariaparaquesos.com\\\/wp-content\\\/uploads\\\/2023\\\/03\\\/LOGO_HORIZONTAL.png\",\"contentUrl\":\"https:\\\/\\\/maquinariaparaquesos.com\\\/wp-content\\\/uploads\\\/2023\\\/03\\\/LOGO_HORIZONTAL.png\",\"width\":1600,\"height\":700,\"caption\":\"FIBOSA\"},\"image\":{\"@id\":\"https:\\\/\\\/maquinariaparaquesos.com\\\/ca\\\/#\\\/schema\\\/logo\\\/image\\\/\"},\"sameAs\":[\"https:\\\/\\\/www.instagram.com\\\/Fibosa1979\\\/\",\"https:\\\/\\\/es.linkedin.com\\\/company\\\/fibosa\",\"https:\\\/\\\/www.youtube.com\\\/user\\\/Fibosavideos\"]}]}<\/script>\n<!-- \/ Yoast SEO plugin. -->","yoast_head_json":{"title":"Pol\u00edtica de privadesa  FIBOSA","robots":{"index":"noindex","follow":"nofollow"},"og_locale":"ca_ES","og_type":"article","og_title":"Pol\u00edtica de privadesa  FIBOSA","og_description":"CFI-2001 SL \u00e9s conscient de la import\u00e0ncia que suposa per als nostres usuaris obtenir informaci\u00f3 clara i transparent sobre l\u00b4\u00fas que fem de la informaci\u00f3 que ens proporcionen.La relaci\u00f3 amb els nostres usuaris es basa en l&#8217;honestedat, el rigor i la transpar\u00e8ncia per construir relacions s\u00f2lides i de confian\u00e7a m\u00fatua. Mitjan\u00e7ant aquesta Pol\u00edtica de Privadesa [&hellip;]","og_url":"https:\/\/maquinariaparaquesos.com\/ca\/politica-de-privacitat\/","article_modified_time":"2023-05-15T18:13:30+00:00","og_image":[{"width":1516,"height":1080,"url":"https:\/\/maquinariaparaquesos.com\/wp-content\/uploads\/2023\/03\/fibosa-portada.png","type":"image\/png"}],"twitter_card":"summary_large_image","twitter_misc":{"Temps estimat de lectura":"4 minuts"},"schema":{"@context":"https:\/\/schema.org","@graph":[{"@type":"WebPage","@id":"https:\/\/maquinariaparaquesos.com\/ca\/politica-de-privacitat\/","url":"https:\/\/maquinariaparaquesos.com\/ca\/politica-de-privacitat\/","name":"Pol\u00edtica de privadesa FIBOSA","isPartOf":{"@id":"https:\/\/maquinariaparaquesos.com\/ca\/#website"},"datePublished":"2023-03-21T10:14:02+00:00","dateModified":"2023-05-15T18:13:30+00:00","breadcrumb":{"@id":"https:\/\/maquinariaparaquesos.com\/ca\/politica-de-privacitat\/#breadcrumb"},"inLanguage":"ca","potentialAction":[{"@type":"ReadAction","target":["https:\/\/maquinariaparaquesos.com\/ca\/politica-de-privacitat\/"]}]},{"@type":"BreadcrumbList","@id":"https:\/\/maquinariaparaquesos.com\/ca\/politica-de-privacitat\/#breadcrumb","itemListElement":[{"@type":"ListItem","position":1,"name":"Portada","item":"https:\/\/maquinariaparaquesos.com\/ca\/maquinaria-per-la-elaboracio-de-formatges\/"},{"@type":"ListItem","position":2,"name":"Pol\u00edtica de privadesa"}]},{"@type":"WebSite","@id":"https:\/\/maquinariaparaquesos.com\/ca\/#website","url":"https:\/\/maquinariaparaquesos.com\/ca\/","name":"Maquinaria para quesos FIBOSA","description":"Maquinaria para la elaboraci\u00f3n de quesos","publisher":{"@id":"https:\/\/maquinariaparaquesos.com\/ca\/#organization"},"potentialAction":[{"@type":"SearchAction","target":{"@type":"EntryPoint","urlTemplate":"https:\/\/maquinariaparaquesos.com\/ca\/?s={search_term_string}"},"query-input":{"@type":"PropertyValueSpecification","valueRequired":true,"valueName":"search_term_string"}}],"inLanguage":"ca"},{"@type":"Organization","@id":"https:\/\/maquinariaparaquesos.com\/ca\/#organization","name":"FIBOSA","url":"https:\/\/maquinariaparaquesos.com\/ca\/","logo":{"@type":"ImageObject","inLanguage":"ca","@id":"https:\/\/maquinariaparaquesos.com\/ca\/#\/schema\/logo\/image\/","url":"https:\/\/maquinariaparaquesos.com\/wp-content\/uploads\/2023\/03\/LOGO_HORIZONTAL.png","contentUrl":"https:\/\/maquinariaparaquesos.com\/wp-content\/uploads\/2023\/03\/LOGO_HORIZONTAL.png","width":1600,"height":700,"caption":"FIBOSA"},"image":{"@id":"https:\/\/maquinariaparaquesos.com\/ca\/#\/schema\/logo\/image\/"},"sameAs":["https:\/\/www.instagram.com\/Fibosa1979\/","https:\/\/es.linkedin.com\/company\/fibosa","https:\/\/www.youtube.com\/user\/Fibosavideos"]}]}},"_links":{"self":[{"href":"https:\/\/maquinariaparaquesos.com\/ca\/wp-json\/wp\/v2\/pages\/755","targetHints":{"allow":["GET"]}}],"collection":[{"href":"https:\/\/maquinariaparaquesos.com\/ca\/wp-json\/wp\/v2\/pages"}],"about":[{"href":"https:\/\/maquinariaparaquesos.com\/ca\/wp-json\/wp\/v2\/types\/page"}],"author":[{"embeddable":true,"href":"https:\/\/maquinariaparaquesos.com\/ca\/wp-json\/wp\/v2\/users\/1"}],"replies":[{"embeddable":true,"href":"https:\/\/maquinariaparaquesos.com\/ca\/wp-json\/wp\/v2\/comments?post=755"}],"version-history":[{"count":0,"href":"https:\/\/maquinariaparaquesos.com\/ca\/wp-json\/wp\/v2\/pages\/755\/revisions"}],"wp:attachment":[{"href":"https:\/\/maquinariaparaquesos.com\/ca\/wp-json\/wp\/v2\/media?parent=755"}],"curies":[{"name":"wp","href":"https:\/\/api.w.org\/{rel}","templated":true}]}}